{"id":213,"date":"2024-02-29T12:53:02","date_gmt":"2024-02-29T11:53:02","guid":{"rendered":"https:\/\/lasvegasbcn.com\/?page_id=213"},"modified":"2024-02-29T15:19:37","modified_gmt":"2024-02-29T14:19:37","slug":"contacto","status":"publish","type":"page","link":"https:\/\/lasvegasbcn.com\/index.php\/contacto\/","title":{"rendered":"Contacto"},"content":{"rendered":"\t\t<div data-elementor-type=\"wp-page\" data-elementor-id=\"213\" class=\"elementor elementor-213\" data-elementor-post-type=\"page\">\n\t\t\t\t\t\t<section class=\"elementor-section elementor-top-section elementor-element elementor-element-1b33c8d5 elementor-section-boxed elementor-section-height-default elementor-section-height-default\" data-id=\"1b33c8d5\" data-element_type=\"section\" data-settings=\"{&quot;background_background&quot;:&quot;classic&quot;}\">\n\t\t\t\t\t\t\t<div class=\"elementor-background-overlay\"><\/div>\n\t\t\t\t\t\t\t<div class=\"elementor-container elementor-column-gap-default\">\n\t\t\t\t\t<div class=\"elementor-column elementor-col-100 elementor-top-column elementor-element elementor-element-6a64a77f\" data-id=\"6a64a77f\" data-element_type=\"column\">\n\t\t\t<div class=\"elementor-widget-wrap\">\n\t\t\t\t\t\t\t<\/div>\n\t\t<\/div>\n\t\t\t\t\t<\/div>\n\t\t<\/section>\n\t\t\t\t<section class=\"elementor-section elementor-top-section elementor-element elementor-element-46c1db73 elementor-section-content-middle elementor-section-boxed elementor-section-height-default elementor-section-height-default\" data-id=\"46c1db73\" data-element_type=\"section\" data-settings=\"{&quot;background_background&quot;:&quot;classic&quot;}\">\n\t\t\t\t\t\t<div class=\"elementor-container elementor-column-gap-default\">\n\t\t\t\t\t<div class=\"elementor-column elementor-col-50 elementor-top-column elementor-element elementor-element-4cc6bb8d\" data-id=\"4cc6bb8d\" data-element_type=\"column\">\n\t\t\t<div class=\"elementor-widget-wrap elementor-element-populated\">\n\t\t\t\t\t\t<div class=\"elementor-element elementor-element-57cd10bb elementor-widget elementor-widget-heading\" data-id=\"57cd10bb\" data-element_type=\"widget\" data-widget_type=\"heading.default\">\n\t\t\t\t<div class=\"elementor-widget-container\">\n\t\t\t\t\t<h2 class=\"elementor-heading-title elementor-size-default\">Contacto<\/h2>\t\t\t\t<\/div>\n\t\t\t\t<\/div>\n\t\t\t\t<div class=\"elementor-element elementor-element-5eb6a92e elementor-widget elementor-widget-heading\" data-id=\"5eb6a92e\" data-element_type=\"widget\" data-widget_type=\"heading.default\">\n\t\t\t\t<div class=\"elementor-widget-container\">\n\t\t\t\t\t<h2 class=\"elementor-heading-title elementor-size-default\">\u00bfC\u00d3MO CONTACTAR?<\/h2>\t\t\t\t<\/div>\n\t\t\t\t<\/div>\n\t\t\t\t<div class=\"elementor-element elementor-element-581965d4 elementor-widget elementor-widget-text-editor\" data-id=\"581965d4\" data-element_type=\"widget\" data-widget_type=\"text-editor.default\">\n\t\t\t\t<div class=\"elementor-widget-container\">\n\t\t\t\t\t\t\t\t\t<p>Puedes hacerlo a trav\u00e9s de este formulario o por Whatsapp en nuestro bot\u00f3n de contacto directo.<\/p>\t\t\t\t\t\t\t\t<\/div>\n\t\t\t\t<\/div>\n\t\t\t\t\t<\/div>\n\t\t<\/div>\n\t\t\t\t<div class=\"elementor-column elementor-col-50 elementor-top-column elementor-element elementor-element-4d71a0c1\" data-id=\"4d71a0c1\" data-element_type=\"column\">\n\t\t\t<div class=\"elementor-widget-wrap elementor-element-populated\">\n\t\t\t\t\t\t<div class=\"elementor-element elementor-element-29c9830 elementor-button-align-stretch elementor-widget elementor-widget-form\" data-id=\"29c9830\" data-element_type=\"widget\" data-settings=\"{&quot;step_next_label&quot;:&quot;Siguiente&quot;,&quot;step_previous_label&quot;:&quot;Anterior&quot;,&quot;button_width&quot;:&quot;100&quot;,&quot;step_type&quot;:&quot;number_text&quot;,&quot;step_icon_shape&quot;:&quot;circle&quot;}\" data-widget_type=\"form.default\">\n\t\t\t\t<div class=\"elementor-widget-container\">\n\t\t\t\t\t\t\t<form class=\"elementor-form\" method=\"post\" name=\"Nuevo formulario\">\n\t\t\t<input type=\"hidden\" name=\"post_id\" value=\"213\"\/>\n\t\t\t<input type=\"hidden\" name=\"form_id\" value=\"29c9830\"\/>\n\t\t\t<input type=\"hidden\" name=\"referer_title\" value=\"Strip Club Barcelona Las Vegas\" \/>\n\n\t\t\t\n\t\t\t<div class=\"elementor-form-fields-wrapper elementor-labels-above\">\n\t\t\t\t\t\t\t\t<div class=\"elementor-field-type-text elementor-field-group elementor-column elementor-field-group-name elementor-col-100\">\n\t\t\t\t\t\t\t\t\t\t\t\t<label for=\"form-field-name\" class=\"elementor-field-label\">\n\t\t\t\t\t\t\t\tNombre\t\t\t\t\t\t\t<\/label>\n\t\t\t\t\t\t\t\t\t\t\t\t\t\t<input size=\"1\" type=\"text\" name=\"form_fields[name]\" id=\"form-field-name\" class=\"elementor-field elementor-size-sm  elementor-field-textual\" placeholder=\"Nombre\">\n\t\t\t\t\t\t\t\t\t\t\t<\/div>\n\t\t\t\t\t\t\t\t<div class=\"elementor-field-type-email elementor-field-group elementor-column elementor-field-group-email elementor-col-100 elementor-field-required\">\n\t\t\t\t\t\t\t\t\t\t\t\t<label for=\"form-field-email\" class=\"elementor-field-label\">\n\t\t\t\t\t\t\t\tCorreo electr\u00f3nico\t\t\t\t\t\t\t<\/label>\n\t\t\t\t\t\t\t\t\t\t\t\t\t\t<input size=\"1\" type=\"email\" name=\"form_fields[email]\" id=\"form-field-email\" class=\"elementor-field elementor-size-sm  elementor-field-textual\" placeholder=\"Correo electr\u00f3nico\" required=\"required\">\n\t\t\t\t\t\t\t\t\t\t\t<\/div>\n\t\t\t\t\t\t\t\t<div class=\"elementor-field-type-textarea elementor-field-group elementor-column elementor-field-group-message elementor-col-100\">\n\t\t\t\t\t\t\t\t\t\t\t\t<label for=\"form-field-message\" class=\"elementor-field-label\">\n\t\t\t\t\t\t\t\tMensaje\t\t\t\t\t\t\t<\/label>\n\t\t\t\t\t\t<textarea class=\"elementor-field-textual elementor-field  elementor-size-sm\" name=\"form_fields[message]\" id=\"form-field-message\" rows=\"4\" placeholder=\"Mensaje\"><\/textarea>\t\t\t\t<\/div>\n\t\t\t\t\t\t\t\t<div class=\"elementor-field-group elementor-column elementor-field-type-submit elementor-col-100 e-form__buttons\">\n\t\t\t\t\t<button class=\"elementor-button elementor-size-sm\" type=\"submit\">\n\t\t\t\t\t\t<span class=\"elementor-button-content-wrapper\">\n\t\t\t\t\t\t\t\t\t\t\t\t\t\t\t\t\t\t\t\t\t\t<span class=\"elementor-button-text\">Enviar<\/span>\n\t\t\t\t\t\t\t\t\t\t\t\t\t<\/span>\n\t\t\t\t\t<\/button>\n\t\t\t\t<\/div>\n\t\t\t<\/div>\n\t\t<\/form>\n\t\t\t\t\t\t<\/div>\n\t\t\t\t<\/div>\n\t\t\t\t\t<\/div>\n\t\t<\/div>\n\t\t\t\t\t<\/div>\n\t\t<\/section>\n\t\t\t\t<section class=\"elementor-section elementor-top-section elementor-element elementor-element-22e8679f elementor-section-boxed elementor-section-height-default elementor-section-height-default\" data-id=\"22e8679f\" data-element_type=\"section\" data-settings=\"{&quot;background_background&quot;:&quot;classic&quot;}\">\n\t\t\t\t\t\t<div class=\"elementor-container elementor-column-gap-default\">\n\t\t\t\t\t<div class=\"elementor-column elementor-col-100 elementor-top-column elementor-element elementor-element-3d698ac7\" data-id=\"3d698ac7\" data-element_type=\"column\">\n\t\t\t<div class=\"elementor-widget-wrap elementor-element-populated\">\n\t\t\t\t\t\t<div class=\"elementor-element elementor-element-738805bd elementor-widget elementor-widget-google_maps\" data-id=\"738805bd\" data-element_type=\"widget\" data-widget_type=\"google_maps.default\">\n\t\t\t\t<div class=\"elementor-widget-container\">\n\t\t\t\t\t\t\t<div class=\"elementor-custom-embed\">\n\t\t\t<iframe loading=\"lazy\"\n\t\t\t\t\tsrc=\"https:\/\/maps.google.com\/maps?q=Calle%20Aribau%20229&#038;t=m&#038;z=15&#038;output=embed&#038;iwloc=near\"\n\t\t\t\t\ttitle=\"Calle Aribau 229\"\n\t\t\t\t\taria-label=\"Calle Aribau 229\"\n\t\t\t><\/iframe>\n\t\t<\/div>\n\t\t\t\t\t\t<\/div>\n\t\t\t\t<\/div>\n\t\t\t\t\t<\/div>\n\t\t<\/div>\n\t\t\t\t\t<\/div>\n\t\t<\/section>\n\t\t\t\t<\/div>\n\t\t","protected":false},"excerpt":{"rendered":"<p>Contacto \u00bfC\u00d3MO CONTACTAR? Puedes hacerlo a trav\u00e9s de este formulario o por Whatsapp en nuestro bot\u00f3n de contacto directo.<\/p>\n","protected":false},"author":1,"featured_media":0,"parent":0,"menu_order":0,"comment_status":"closed","ping_status":"closed","template":"elementor_header_footer","meta":{"om_disable_all_campaigns":false,"_monsterinsights_skip_tracking":false,"_monsterinsights_sitenote_active":false,"_monsterinsights_sitenote_note":"","_monsterinsights_sitenote_category":0,"_uf_show_specific_survey":0,"_uf_disable_surveys":false,"footnotes":""},"yoast_head":"<!-- This site is optimized with the Yoast SEO plugin v22.8 - https:\/\/yoast.com\/wordpress\/plugins\/seo\/ -->\n<title>Contacto - Strip Club Barcelona Las Vegas<\/title>\n<meta name=\"robots\" content=\"index, follow, max-snippet:-1, max-image-preview:large, max-video-preview:-1\" \/>\n<link rel=\"canonical\" href=\"https:\/\/lasvegasbcn.com\/index.php\/contacto\/\" \/>\n<meta property=\"og:locale\" content=\"es_ES\" \/>\n<meta property=\"og:type\" content=\"article\" \/>\n<meta property=\"og:title\" content=\"Contacto - Strip Club Barcelona Las Vegas\" \/>\n<meta property=\"og:description\" content=\"Contacto \u00bfC\u00d3MO CONTACTAR? Puedes hacerlo a trav\u00e9s de este formulario o por Whatsapp en nuestro bot\u00f3n de contacto directo.\" \/>\n<meta property=\"og:url\" content=\"https:\/\/lasvegasbcn.com\/index.php\/contacto\/\" \/>\n<meta property=\"og:site_name\" content=\"Strip Club Barcelona Las Vegas\" \/>\n<meta property=\"article:modified_time\" content=\"2024-02-29T14:19:37+00:00\" \/>\n<meta name=\"twitter:card\" content=\"summary_large_image\" \/>\n<script type=\"application\/ld+json\" class=\"yoast-schema-graph\">{\"@context\":\"https:\/\/schema.org\",\"@graph\":[{\"@type\":\"WebPage\",\"@id\":\"https:\/\/lasvegasbcn.com\/index.php\/contacto\/\",\"url\":\"https:\/\/lasvegasbcn.com\/index.php\/contacto\/\",\"name\":\"Contacto - Strip Club Barcelona Las Vegas\",\"isPartOf\":{\"@id\":\"https:\/\/lasvegasbcn.com\/#website\"},\"datePublished\":\"2024-02-29T11:53:02+00:00\",\"dateModified\":\"2024-02-29T14:19:37+00:00\",\"breadcrumb\":{\"@id\":\"https:\/\/lasvegasbcn.com\/index.php\/contacto\/#breadcrumb\"},\"inLanguage\":\"es\",\"potentialAction\":[{\"@type\":\"ReadAction\",\"target\":[\"https:\/\/lasvegasbcn.com\/index.php\/contacto\/\"]}]},{\"@type\":\"BreadcrumbList\",\"@id\":\"https:\/\/lasvegasbcn.com\/index.php\/contacto\/#breadcrumb\",\"itemListElement\":[{\"@type\":\"ListItem\",\"position\":1,\"name\":\"Portada\",\"item\":\"https:\/\/lasvegasbcn.com\/\"},{\"@type\":\"ListItem\",\"position\":2,\"name\":\"Contacto\"}]},{\"@type\":\"WebSite\",\"@id\":\"https:\/\/lasvegasbcn.com\/#website\",\"url\":\"https:\/\/lasvegasbcn.com\/\",\"name\":\"Strip Club Las Vegas Barcelona\",\"description\":\"En Strip Club Barcelona Las Vegas Night Girl, te invitamos a sumergirte en un mundo de seducci\u00f3n y glamour en el mejor club nocturno de Barcelona\",\"publisher\":{\"@id\":\"https:\/\/lasvegasbcn.com\/#organization\"},\"potentialAction\":[{\"@type\":\"SearchAction\",\"target\":{\"@type\":\"EntryPoint\",\"urlTemplate\":\"https:\/\/lasvegasbcn.com\/?s={search_term_string}\"},\"query-input\":\"required name=search_term_string\"}],\"inLanguage\":\"es\"},{\"@type\":\"Organization\",\"@id\":\"https:\/\/lasvegasbcn.com\/#organization\",\"name\":\"Strip Club Las Vegas Barcelona\",\"url\":\"https:\/\/lasvegasbcn.com\/\",\"logo\":{\"@type\":\"ImageObject\",\"inLanguage\":\"es\",\"@id\":\"https:\/\/lasvegasbcn.com\/#\/schema\/logo\/image\/\",\"url\":\"https:\/\/lasvegasbcn.com\/wp-content\/uploads\/2024\/02\/favicon.png\",\"contentUrl\":\"https:\/\/lasvegasbcn.com\/wp-content\/uploads\/2024\/02\/favicon.png\",\"width\":512,\"height\":512,\"caption\":\"Strip Club Las Vegas Barcelona\"},\"image\":{\"@id\":\"https:\/\/lasvegasbcn.com\/#\/schema\/logo\/image\/\"}}]}<\/script>\n<!-- \/ Yoast SEO plugin. -->","yoast_head_json":{"title":"Contacto - Strip Club Barcelona Las Vegas","robots":{"index":"index","follow":"follow","max-snippet":"max-snippet:-1","max-image-preview":"max-image-preview:large","max-video-preview":"max-video-preview:-1"},"canonical":"https:\/\/lasvegasbcn.com\/index.php\/contacto\/","og_locale":"es_ES","og_type":"article","og_title":"Contacto - Strip Club Barcelona Las Vegas","og_description":"Contacto \u00bfC\u00d3MO CONTACTAR? Puedes hacerlo a trav\u00e9s de este formulario o por Whatsapp en nuestro bot\u00f3n de contacto directo.","og_url":"https:\/\/lasvegasbcn.com\/index.php\/contacto\/","og_site_name":"Strip Club Barcelona Las Vegas","article_modified_time":"2024-02-29T14:19:37+00:00","twitter_card":"summary_large_image","schema":{"@context":"https:\/\/schema.org","@graph":[{"@type":"WebPage","@id":"https:\/\/lasvegasbcn.com\/index.php\/contacto\/","url":"https:\/\/lasvegasbcn.com\/index.php\/contacto\/","name":"Contacto - Strip Club Barcelona Las Vegas","isPartOf":{"@id":"https:\/\/lasvegasbcn.com\/#website"},"datePublished":"2024-02-29T11:53:02+00:00","dateModified":"2024-02-29T14:19:37+00:00","breadcrumb":{"@id":"https:\/\/lasvegasbcn.com\/index.php\/contacto\/#breadcrumb"},"inLanguage":"es","potentialAction":[{"@type":"ReadAction","target":["https:\/\/lasvegasbcn.com\/index.php\/contacto\/"]}]},{"@type":"BreadcrumbList","@id":"https:\/\/lasvegasbcn.com\/index.php\/contacto\/#breadcrumb","itemListElement":[{"@type":"ListItem","position":1,"name":"Portada","item":"https:\/\/lasvegasbcn.com\/"},{"@type":"ListItem","position":2,"name":"Contacto"}]},{"@type":"WebSite","@id":"https:\/\/lasvegasbcn.com\/#website","url":"https:\/\/lasvegasbcn.com\/","name":"Strip Club Las Vegas Barcelona","description":"En Strip Club Barcelona Las Vegas Night Girl, te invitamos a sumergirte en un mundo de seducci\u00f3n y glamour en el mejor club nocturno de Barcelona","publisher":{"@id":"https:\/\/lasvegasbcn.com\/#organization"},"potentialAction":[{"@type":"SearchAction","target":{"@type":"EntryPoint","urlTemplate":"https:\/\/lasvegasbcn.com\/?s={search_term_string}"},"query-input":"required name=search_term_string"}],"inLanguage":"es"},{"@type":"Organization","@id":"https:\/\/lasvegasbcn.com\/#organization","name":"Strip Club Las Vegas Barcelona","url":"https:\/\/lasvegasbcn.com\/","logo":{"@type":"ImageObject","inLanguage":"es","@id":"https:\/\/lasvegasbcn.com\/#\/schema\/logo\/image\/","url":"https:\/\/lasvegasbcn.com\/wp-content\/uploads\/2024\/02\/favicon.png","contentUrl":"https:\/\/lasvegasbcn.com\/wp-content\/uploads\/2024\/02\/favicon.png","width":512,"height":512,"caption":"Strip Club Las Vegas Barcelona"},"image":{"@id":"https:\/\/lasvegasbcn.com\/#\/schema\/logo\/image\/"}}]}},"_links":{"self":[{"href":"https:\/\/lasvegasbcn.com\/index.php\/wp-json\/wp\/v2\/pages\/213"}],"collection":[{"href":"https:\/\/lasvegasbcn.com\/index.php\/wp-json\/wp\/v2\/pages"}],"about":[{"href":"https:\/\/lasvegasbcn.com\/index.php\/wp-json\/wp\/v2\/types\/page"}],"author":[{"embeddable":true,"href":"https:\/\/lasvegasbcn.com\/index.php\/wp-json\/wp\/v2\/users\/1"}],"replies":[{"embeddable":true,"href":"https:\/\/lasvegasbcn.com\/index.php\/wp-json\/wp\/v2\/comments?post=213"}],"version-history":[{"count":13,"href":"https:\/\/lasvegasbcn.com\/index.php\/wp-json\/wp\/v2\/pages\/213\/revisions"}],"predecessor-version":[{"id":231,"href":"https:\/\/lasvegasbcn.com\/index.php\/wp-json\/wp\/v2\/pages\/213\/revisions\/231"}],"wp:attachment":[{"href":"https:\/\/lasvegasbcn.com\/index.php\/wp-json\/wp\/v2\/media?parent=213"}],"curies":[{"name":"wp","href":"https:\/\/api.w.org\/{rel}","templated":true}]}}